{"id":15480,"date":"2023-12-12T00:41:28","date_gmt":"2023-12-12T00:41:28","guid":{"rendered":"https:\/\/www.las10tribusperdidas.com\/?post_type=product&#038;p=15480"},"modified":"2023-12-30T04:06:18","modified_gmt":"2023-12-30T04:06:18","slug":"the-book-of-enoch-vol-1","status":"publish","type":"product","link":"https:\/\/www.las10tribusperdidas.com\/en\/product\/the-book-of-enoch-vol-1\/","title":{"rendered":"EL LIBRO DE ENOC, VOL.1"},"content":{"rendered":"<div id=\"cmsmasters_row_0e11fe07ee\" class=\"cmsmasters_row cmsmasters_color_scheme_default cmsmasters_row_top_default cmsmasters_row_bot_default cmsmasters_row_boxed\">\n<div class=\"cmsmasters_row_outer_parent\">\n<div class=\"cmsmasters_row_outer\">\n<div class=\"cmsmasters_row_inner\">\n<div class=\"cmsmasters_row_margin\">\n<div id=\"cmsmasters_column_\" class=\"cmsmasters_column one_first\">\n<div class=\"cmsmasters_column_inner\"><div class=\"cmsmasters_text\">\n<p>Con 365 p\u00e1ginas, el Libro de Enoc es el m\u00e1s extenso de todos los libros que Michael ha escrito y contiene m\u00e1s de cincuenta ilustraciones que ayudan a comunicar la naturaleza peculiar del tema. El an\u00e1lisis dentro de este libro se presenta en dos secciones muy distintas. La primera secci\u00f3n es un comentario detallado sobre el Libro de los Vigilantes, com\u00fanmente referido como el Primer Libro de Enoc. El formato de esta secci\u00f3n ser\u00e1 familiar para mis lectores.<\/p>\n<p>El primer vers\u00edculo que Enoc escribi\u00f3 afirma que su libro estaba destinado a bendecir la vida de aquellos que vivir\u00edan en los \u00faltimos d\u00edas. Enoc vio los d\u00edas de tribulaci\u00f3n que preceder\u00edan la Segunda Venida de Cristo, as\u00ed como la purga de los malvados de la faz de la Tierra. Como tal, el Libro de Enoc constituye una gu\u00eda de supervivencia divina para los santos de los \u00faltimos d\u00edas, escrita por uno de los profetas m\u00e1s famosos de todos los tiempos. Las profec\u00edas contenidas en los escritos de Enoc son tanto asombrosas como oportunas. Se est\u00e1n desplegando ante nuestros ojos y en los pasillos del congreso.<\/p>\n<p>La segunda mitad de este libro contiene un an\u00e1lisis detallado de algunos de los eventos m\u00e1s extra\u00f1os de la historia y teor\u00edas de conspiraci\u00f3n. El material es de una naturaleza tan peculiar que luch\u00e9 poderosamente sobre si me atrev\u00eda o no a publicarlo. Al final, conclu\u00ed que si Enoc escribi\u00f3 su libro para bendecir a los Santos que viven en los \u00faltimos d\u00edas, yo podr\u00eda aventurarme a hacer lo mismo. Dicho esto, debido a la extra\u00f1eza del contenido de este libro, solo estar\u00e1 disponible en mi sitio web, no en Amazon como todos mis otros libros.<\/p>\n<p>Este libro no contiene todas las piezas del rompecabezas de los \u00faltimos d\u00edas, pero despu\u00e9s de leerlo, mi esperanza es que te des cuenta de que hay muchas m\u00e1s piezas de este rompecabezas de lo que la mayor\u00eda ha imaginado. Este libro sugiere que el mundo est\u00e1 a punto de quedar asombrado por eventos que no est\u00e1n en el radar de la mayor\u00eda de las personas. S\u00ed, los d\u00edas venideros ser\u00e1n aterradores, \u00a1pero tambi\u00e9n ser\u00e1n incre\u00edbles!<\/p>\n<\/div>\n<\/div><\/div>\n<\/div>\n<\/div>\n<\/div>\n<\/div>\n<\/div>","protected":false},"excerpt":{"rendered":"<p>Con 365 p\u00e1ginas, el Libro de Enoc es el m\u00e1s extenso de todos los libros que Michael ha escrito y contiene m\u00e1s de cincuenta ilustraciones que ayudan a comunicar la naturaleza peculiar del tema. El an\u00e1lisis dentro de este libro se presenta en dos secciones muy distintas. La primera secci\u00f3n es un comentario detallado sobre el Libro de los Vigilantes, com\u00fanmente referido como el Primer Libro de Enoc. El formato de esta secci\u00f3n ser\u00e1 familiar para mis lectores.<\/p>\n<p>El primer vers\u00edculo que Enoc escribi\u00f3 afirma que su libro estaba destinado a bendecir la vida de aquellos que vivir\u00edan en los \u00faltimos d\u00edas. Enoc vio los d\u00edas de tribulaci\u00f3n que preceder\u00edan la Segunda Venida de Cristo, as\u00ed como la purga de los malvados de la faz de la Tierra. Como tal, el Libro de Enoc constituye una gu\u00eda de supervivencia divina para los santos de los \u00faltimos d\u00edas, escrita por uno de los profetas m\u00e1s famosos de todos los tiempos. Las profec\u00edas contenidas en los escritos de Enoc son tanto asombrosas como oportunas. Se est\u00e1n desplegando ante nuestros ojos y en los pasillos del congreso.<\/p>\n<p>La segunda mitad de este libro contiene un an\u00e1lisis detallado de algunos de los eventos m\u00e1s extra\u00f1os de la historia y teor\u00edas de conspiraci\u00f3n. El material es de una naturaleza tan peculiar que luch\u00e9 poderosamente sobre si me atrev\u00eda o no a publicarlo. Al final, conclu\u00ed que si Enoc escribi\u00f3 su libro para bendecir a los Santos que viven en los \u00faltimos d\u00edas, yo podr\u00eda aventurarme a hacer lo mismo. Dicho esto, debido a la extra\u00f1eza del contenido de este libro, solo estar\u00e1 disponible en mi sitio web, no en Amazon como todos mis otros libros.<\/p>\n<p>Este libro no contiene todas las piezas del rompecabezas de los \u00faltimos d\u00edas, pero despu\u00e9s de leerlo, mi esperanza es que te des cuenta de que hay muchas m\u00e1s piezas de este rompecabezas de lo que la mayor\u00eda ha imaginado. Este libro sugiere que el mundo est\u00e1 a punto de quedar asombrado por eventos que no est\u00e1n en el radar de la mayor\u00eda de las personas. S\u00ed, los d\u00edas venideros ser\u00e1n aterradores, \u00a1pero tambi\u00e9n ser\u00e1n incre\u00edbles!<\/p>","protected":false},"featured_media":15481,"comment_status":"open","ping_status":"closed","template":"","meta":[],"product_brand":[],"product_cat":[70],"product_tag":[81],"class_list":{"0":"post-15480","1":"product","2":"type-product","3":"status-publish","4":"has-post-thumbnail","6":"product_cat-michael-rush","7":"product_tag-history","9":"first","10":"instock","11":"virtual","12":"purchasable","13":"product-type-simple"},"_links":{"self":[{"href":"https:\/\/www.las10tribusperdidas.com\/en\/wp-json\/wp\/v2\/product\/15480","targetHints":{"allow":["GET"]}}],"collection":[{"href":"https:\/\/www.las10tribusperdidas.com\/en\/wp-json\/wp\/v2\/product"}],"about":[{"href":"https:\/\/www.las10tribusperdidas.com\/en\/wp-json\/wp\/v2\/types\/product"}],"replies":[{"embeddable":true,"href":"https:\/\/www.las10tribusperdidas.com\/en\/wp-json\/wp\/v2\/comments?post=15480"}],"wp:featuredmedia":[{"embeddable":true,"href":"https:\/\/www.las10tribusperdidas.com\/en\/wp-json\/wp\/v2\/media\/15481"}],"wp:attachment":[{"href":"https:\/\/www.las10tribusperdidas.com\/en\/wp-json\/wp\/v2\/media?parent=15480"}],"wp:term":[{"taxonomy":"product_brand","embeddable":true,"href":"https:\/\/www.las10tribusperdidas.com\/en\/wp-json\/wp\/v2\/product_brand?post=15480"},{"taxonomy":"product_cat","embeddable":true,"href":"https:\/\/www.las10tribusperdidas.com\/en\/wp-json\/wp\/v2\/product_cat?post=15480"},{"taxonomy":"product_tag","embeddable":true,"href":"https:\/\/www.las10tribusperdidas.com\/en\/wp-json\/wp\/v2\/product_tag?post=15480"}],"curies":[{"name":"wp","href":"https:\/\/api.w.org\/{rel}","templated":true}]}}