{"id":15477,"date":"2023-12-12T00:02:09","date_gmt":"2023-12-12T00:02:09","guid":{"rendered":"https:\/\/www.las10tribusperdidas.com\/?post_type=product&#038;p=15477"},"modified":"2023-12-30T04:06:55","modified_gmt":"2023-12-30T04:06:55","slug":"delight-in-plainness","status":"publish","type":"product","link":"https:\/\/www.las10tribusperdidas.com\/en\/product\/delight-in-plainness\/","title":{"rendered":"Deleite en la sencillez"},"content":{"rendered":"<div id=\"cmsmasters_row_0e11fe07ee\" class=\"cmsmasters_row cmsmasters_color_scheme_default cmsmasters_row_top_default cmsmasters_row_bot_default cmsmasters_row_boxed\">\n<div class=\"cmsmasters_row_outer_parent\">\n<div class=\"cmsmasters_row_outer\">\n<div class=\"cmsmasters_row_inner\">\n<div class=\"cmsmasters_row_margin\">\n<div id=\"cmsmasters_column_\" class=\"cmsmasters_column one_first\">\n<div class=\"cmsmasters_column_inner\"><div class=\"cmsmasters_text\">\n<p>Este libro de Michael B. Rush es un an\u00e1lisis profundo de las profec\u00edas de las placas de bronce. Estas profec\u00edas incluyen el sue\u00f1o de Nefi, un comentario vers\u00edculo por vers\u00edculo de los cap\u00edtulos de Isa\u00edas y la Alegor\u00eda del Olivo. Se da especial \u00e9nfasis a las profec\u00edas de Ezequiel, quien fue contempor\u00e1neo de Nefi. Los escritos de Ezequiel aumentar\u00e1n tu comprensi\u00f3n tanto de Nefi como de Isa\u00edas. Este libro te ayudar\u00e1 a entender los convenios que el Se\u00f1or ha hecho con la Casa de Israel y te ayudar\u00e1 a cumplir el mandamiento del Se\u00f1or de estudiar las palabras de Isa\u00edas. \u00a1Despu\u00e9s de leer este libro, nunca querr\u00e1s saltarte los cap\u00edtulos de Isa\u00edas otra vez! Este libro en r\u00fastica mide 8&#8243;x11&#8243; y contiene aproximadamente 340 p\u00e1ginas.<\/p>\n<\/div>\n<\/div><\/div>\n<\/div>\n<\/div>\n<\/div>\n<\/div>\n<\/div>","protected":false},"excerpt":{"rendered":"<p>Este libro de Michael B. Rush es un an\u00e1lisis profundo de las profec\u00edas de las placas de bronce. Estas profec\u00edas incluyen el sue\u00f1o de Nefi, un comentario vers\u00edculo por vers\u00edculo de los cap\u00edtulos de Isa\u00edas y la Alegor\u00eda del Olivo. Se da especial \u00e9nfasis a las profec\u00edas de Ezequiel, quien fue contempor\u00e1neo de Nefi. Los escritos de Ezequiel aumentar\u00e1n tu comprensi\u00f3n tanto de Nefi como de Isa\u00edas. Este libro te ayudar\u00e1 a entender los convenios que el Se\u00f1or ha hecho con la Casa de Israel y te ayudar\u00e1 a cumplir el mandamiento del Se\u00f1or de estudiar las palabras de Isa\u00edas. \u00a1Despu\u00e9s de leer este libro, nunca querr\u00e1s saltarte los cap\u00edtulos de Isa\u00edas otra vez! Este libro en r\u00fastica mide 8&#8243;x11&#8243; y contiene aproximadamente 340 p\u00e1ginas.<\/p>","protected":false},"featured_media":15479,"comment_status":"open","ping_status":"closed","template":"","meta":[],"product_brand":[],"product_cat":[70],"product_tag":[81],"class_list":{"0":"post-15477","1":"product","2":"type-product","3":"status-publish","4":"has-post-thumbnail","6":"product_cat-michael-rush","7":"product_tag-history","9":"first","10":"instock","11":"shipping-taxable","12":"purchasable","13":"product-type-simple"},"_links":{"self":[{"href":"https:\/\/www.las10tribusperdidas.com\/en\/wp-json\/wp\/v2\/product\/15477","targetHints":{"allow":["GET"]}}],"collection":[{"href":"https:\/\/www.las10tribusperdidas.com\/en\/wp-json\/wp\/v2\/product"}],"about":[{"href":"https:\/\/www.las10tribusperdidas.com\/en\/wp-json\/wp\/v2\/types\/product"}],"replies":[{"embeddable":true,"href":"https:\/\/www.las10tribusperdidas.com\/en\/wp-json\/wp\/v2\/comments?post=15477"}],"wp:featuredmedia":[{"embeddable":true,"href":"https:\/\/www.las10tribusperdidas.com\/en\/wp-json\/wp\/v2\/media\/15479"}],"wp:attachment":[{"href":"https:\/\/www.las10tribusperdidas.com\/en\/wp-json\/wp\/v2\/media?parent=15477"}],"wp:term":[{"taxonomy":"product_brand","embeddable":true,"href":"https:\/\/www.las10tribusperdidas.com\/en\/wp-json\/wp\/v2\/product_brand?post=15477"},{"taxonomy":"product_cat","embeddable":true,"href":"https:\/\/www.las10tribusperdidas.com\/en\/wp-json\/wp\/v2\/product_cat?post=15477"},{"taxonomy":"product_tag","embeddable":true,"href":"https:\/\/www.las10tribusperdidas.com\/en\/wp-json\/wp\/v2\/product_tag?post=15477"}],"curies":[{"name":"wp","href":"https:\/\/api.w.org\/{rel}","templated":true}]}}