{"id":15199,"date":"2019-05-15T14:32:27","date_gmt":"2019-05-15T14:32:27","guid":{"rendered":"https:\/\/printpress.cmsmasters.net\/default\/?post_type=product&#038;p=15199"},"modified":"2025-08-15T12:18:52","modified_gmt":"2025-08-15T12:18:52","slug":"history-of-europe","status":"publish","type":"product","link":"https:\/\/www.las10tribusperdidas.com\/en\/product\/history-of-europe\/","title":{"rendered":"Un remanente volver\u00e1"},"content":{"rendered":"<div id=\"cmsmasters_row_0e11fe07ee\" class=\"cmsmasters_row cmsmasters_color_scheme_default cmsmasters_row_top_default cmsmasters_row_bot_default cmsmasters_row_boxed\">\n<div class=\"cmsmasters_row_outer_parent\">\n<div class=\"cmsmasters_row_outer\">\n<div class=\"cmsmasters_row_inner\">\n<div class=\"cmsmasters_row_margin\">\n<div id=\"cmsmasters_column_\" class=\"cmsmasters_column one_first\">\n<div class=\"cmsmasters_column_inner\"><div class=\"cmsmasters_text\">\n<p>&#8220;Un Remanente Volver\u00e1&#8221; est\u00e1 dise\u00f1ado para prepararte para los incre\u00edbles eventos de la restauraci\u00f3n de la Casa de Israel. Las Escrituras ense\u00f1an que la restauraci\u00f3n de las Tribus Perdidas de Israel rivalizar\u00e1 con el \u00e9xodo de Egipto en maravilla y poder. Ser\u00e1 un evento tan incre\u00edble que los reyes cerrar\u00e1n sus bocas en asombro cuando ocurra. Dar\u00e1 forma a los eventos de Am\u00e9rica y del mundo m\u00e1s que cualquiera de las se\u00f1ales y maravillas perif\u00e9ricas que la mayor\u00eda de la gente asocia con la Segunda Venida. Si no entiendes los convenios que el Se\u00f1or ha hecho con respecto a la restauraci\u00f3n de la Casa de Israel, no est\u00e1s preparado para lo que est\u00e1 a punto de suceder en la tierra. Estos convenios y promesas dar\u00e1n forma a los eventos de los \u00faltimos d\u00edas de una manera m\u00e1s significativa y profunda que cualquier otra cosa. Cristo nos mand\u00f3 estudiarlos, el profeta nos pide que los estudiemos, y yo te suplico que los estudies. Prep\u00e1rate para una incre\u00edble aventura, \u00a1las cosas est\u00e1n a punto de ponerse muy emocionantes!<\/p>\n<\/div>\n<\/div><\/div>\n<\/div>\n<\/div>\n<\/div>\n<\/div>\n<\/div>","protected":false},"excerpt":{"rendered":"<p>&#8220;Un Remanente Volver\u00e1&#8221; est\u00e1 dise\u00f1ado para prepararte para los incre\u00edbles eventos de la restauraci\u00f3n de la Casa de Israel. Las Escrituras ense\u00f1an que la restauraci\u00f3n de las Tribus Perdidas de Israel rivalizar\u00e1 con el \u00e9xodo de Egipto en maravilla y poder. Ser\u00e1 un evento tan incre\u00edble que los reyes cerrar\u00e1n sus bocas en asombro cuando ocurra. Dar\u00e1 forma a los eventos de Am\u00e9rica y del mundo m\u00e1s que cualquiera de las se\u00f1ales y maravillas perif\u00e9ricas que la mayor\u00eda de la gente asocia con la Segunda Venida. Si no entiendes los convenios que el Se\u00f1or ha hecho con respecto a la restauraci\u00f3n de la Casa de Israel, no est\u00e1s preparado para lo que est\u00e1 a punto de suceder en la tierra. Estos convenios y promesas dar\u00e1n forma a los eventos de los \u00faltimos d\u00edas de una manera m\u00e1s significativa y profunda que cualquier otra cosa. Cristo nos mand\u00f3 estudiarlos, el profeta nos pide que los estudiemos, y yo te suplico que los estudies. Prep\u00e1rate para una incre\u00edble aventura, \u00a1las cosas est\u00e1n a punto de ponerse muy emocionantes!<\/p>","protected":false},"featured_media":15394,"comment_status":"open","ping_status":"closed","template":"","meta":[],"product_brand":[],"product_cat":[70],"product_tag":[81],"class_list":{"0":"post-15199","1":"product","2":"type-product","3":"status-publish","4":"has-post-thumbnail","6":"product_cat-michael-rush","7":"product_tag-history","9":"first","10":"instock","11":"shipping-taxable","12":"purchasable","13":"product-type-simple"},"_links":{"self":[{"href":"https:\/\/www.las10tribusperdidas.com\/en\/wp-json\/wp\/v2\/product\/15199","targetHints":{"allow":["GET"]}}],"collection":[{"href":"https:\/\/www.las10tribusperdidas.com\/en\/wp-json\/wp\/v2\/product"}],"about":[{"href":"https:\/\/www.las10tribusperdidas.com\/en\/wp-json\/wp\/v2\/types\/product"}],"replies":[{"embeddable":true,"href":"https:\/\/www.las10tribusperdidas.com\/en\/wp-json\/wp\/v2\/comments?post=15199"}],"wp:featuredmedia":[{"embeddable":true,"href":"https:\/\/www.las10tribusperdidas.com\/en\/wp-json\/wp\/v2\/media\/15394"}],"wp:attachment":[{"href":"https:\/\/www.las10tribusperdidas.com\/en\/wp-json\/wp\/v2\/media?parent=15199"}],"wp:term":[{"taxonomy":"product_brand","embeddable":true,"href":"https:\/\/www.las10tribusperdidas.com\/en\/wp-json\/wp\/v2\/product_brand?post=15199"},{"taxonomy":"product_cat","embeddable":true,"href":"https:\/\/www.las10tribusperdidas.com\/en\/wp-json\/wp\/v2\/product_cat?post=15199"},{"taxonomy":"product_tag","embeddable":true,"href":"https:\/\/www.las10tribusperdidas.com\/en\/wp-json\/wp\/v2\/product_tag?post=15199"}],"curies":[{"name":"wp","href":"https:\/\/api.w.org\/{rel}","templated":true}]}}