{"id":15198,"date":"2019-05-15T14:31:20","date_gmt":"2019-05-15T14:31:20","guid":{"rendered":"https:\/\/printpress.cmsmasters.net\/default\/?post_type=product&#038;p=15198"},"modified":"2025-08-15T12:19:18","modified_gmt":"2025-08-15T12:19:18","slug":"shakespeares-sonnets","status":"publish","type":"product","link":"https:\/\/www.las10tribusperdidas.com\/en\/product\/shakespeares-sonnets\/","title":{"rendered":"DANIEL 11"},"content":{"rendered":"<div id=\"cmsmasters_row_fca5a3118e\" class=\"cmsmasters_row cmsmasters_color_scheme_default cmsmasters_row_top_default cmsmasters_row_bot_default cmsmasters_row_boxed\">\n<div class=\"cmsmasters_row_outer_parent\">\n<div class=\"cmsmasters_row_outer\">\n<div class=\"cmsmasters_row_inner\">\n<div class=\"cmsmasters_row_margin\">\n<div id=\"cmsmasters_column_\" class=\"cmsmasters_column one_first\">\n<div class=\"cmsmasters_column_inner\"><div class=\"cmsmasters_text\">\n<p>Daniel 11 es una inmersi\u00f3n profunda en el cap\u00edtulo 11 de Daniel. Daniel fue un profeta incre\u00edble que vivi\u00f3 durante los d\u00edas del cautiverio de los jud\u00edos en Babilonia. Recibi\u00f3 muchas visiones milagrosas, todas las cuales pertenec\u00edan a los eventos de los \u00faltimos d\u00edas. Daniel 11 es la culminaci\u00f3n de todas sus visiones y es la cronolog\u00eda m\u00e1s completa jam\u00e1s revelada en las escrituras. Es una amplia cronolog\u00eda de eventos mundiales desde su d\u00eda hasta la segunda venida de Jesucristo. Es una lectura obligatoria para cualquiera que quiera prepararse para los eventos de los \u00faltimos d\u00edas. Esta revelaci\u00f3n fue dada a Daniel como un regalo para la humanidad. Pero, \u00bfde qu\u00e9 le sirve a un hombre si se le otorga un regalo y no recibe el regalo?<\/p>\n<\/div>\n<\/div><\/div>\n<\/div>\n<\/div>\n<\/div>\n<\/div>\n<\/div>","protected":false},"excerpt":{"rendered":"<p>Daniel 11 es una inmersi\u00f3n profunda en el cap\u00edtulo 11 de Daniel. Daniel fue un profeta incre\u00edble que vivi\u00f3 durante los d\u00edas del cautiverio de los jud\u00edos en Babilonia. Recibi\u00f3 muchas visiones milagrosas, todas las cuales pertenec\u00edan a los eventos de los \u00faltimos d\u00edas. Daniel 11 es la culminaci\u00f3n de todas sus visiones y es la cronolog\u00eda m\u00e1s completa jam\u00e1s revelada en las escrituras. Es una amplia cronolog\u00eda de eventos mundiales desde su d\u00eda hasta la segunda venida de Jesucristo. Es una lectura obligatoria para cualquiera que quiera prepararse para los eventos de los \u00faltimos d\u00edas. Esta revelaci\u00f3n fue dada a Daniel como un regalo para la humanidad. Pero, \u00bfde qu\u00e9 le sirve a un hombre si se le otorga un regalo y no recibe el regalo?<\/p>","protected":false},"featured_media":15395,"comment_status":"open","ping_status":"closed","template":"","meta":[],"product_brand":[],"product_cat":[70],"product_tag":[110],"class_list":{"0":"post-15198","1":"product","2":"type-product","3":"status-publish","4":"has-post-thumbnail","6":"product_cat-michael-rush","7":"product_tag-romance","9":"first","10":"instock","11":"shipping-taxable","12":"purchasable","13":"product-type-simple"},"_links":{"self":[{"href":"https:\/\/www.las10tribusperdidas.com\/en\/wp-json\/wp\/v2\/product\/15198","targetHints":{"allow":["GET"]}}],"collection":[{"href":"https:\/\/www.las10tribusperdidas.com\/en\/wp-json\/wp\/v2\/product"}],"about":[{"href":"https:\/\/www.las10tribusperdidas.com\/en\/wp-json\/wp\/v2\/types\/product"}],"replies":[{"embeddable":true,"href":"https:\/\/www.las10tribusperdidas.com\/en\/wp-json\/wp\/v2\/comments?post=15198"}],"wp:featuredmedia":[{"embeddable":true,"href":"https:\/\/www.las10tribusperdidas.com\/en\/wp-json\/wp\/v2\/media\/15395"}],"wp:attachment":[{"href":"https:\/\/www.las10tribusperdidas.com\/en\/wp-json\/wp\/v2\/media?parent=15198"}],"wp:term":[{"taxonomy":"product_brand","embeddable":true,"href":"https:\/\/www.las10tribusperdidas.com\/en\/wp-json\/wp\/v2\/product_brand?post=15198"},{"taxonomy":"product_cat","embeddable":true,"href":"https:\/\/www.las10tribusperdidas.com\/en\/wp-json\/wp\/v2\/product_cat?post=15198"},{"taxonomy":"product_tag","embeddable":true,"href":"https:\/\/www.las10tribusperdidas.com\/en\/wp-json\/wp\/v2\/product_tag?post=15198"}],"curies":[{"name":"wp","href":"https:\/\/api.w.org\/{rel}","templated":true}]}}