{"id":15197,"date":"2019-05-15T14:29:31","date_gmt":"2019-05-15T14:29:31","guid":{"rendered":"https:\/\/printpress.cmsmasters.net\/default\/?post_type=product&#038;p=15197"},"modified":"2025-09-23T14:54:48","modified_gmt":"2025-09-23T14:54:48","slug":"becoming","status":"publish","type":"product","link":"https:\/\/www.las10tribusperdidas.com\/en\/product\/becoming\/","title":{"rendered":"Revelaci\u00f3n"},"content":{"rendered":"<div id=\"cmsmasters_row_fca5a3118e\" class=\"cmsmasters_row cmsmasters_color_scheme_default cmsmasters_row_top_default cmsmasters_row_bot_default cmsmasters_row_boxed\">\n<div class=\"cmsmasters_row_outer_parent\">\n<div class=\"cmsmasters_row_outer\">\n<div class=\"cmsmasters_row_inner\">\n<div class=\"cmsmasters_row_margin\">\n<div id=\"cmsmasters_column_\" class=\"cmsmasters_column one_first\">\n<div class=\"cmsmasters_column_inner\"><div class=\"cmsmasters_text\">\n<p>Un an\u00e1lisis detallado de la visi\u00f3n del amado ap\u00f3stol sobre los \u00faltimos d\u00edas y el inminente reinado milenario del Se\u00f1or Jesucristo sobre la Tierra.<\/p>\n<p>Cuando la mayor\u00eda de las personas piensan en los eventos que preceden a la Segunda Venida, piensan en los espect\u00e1culos secundarios m\u00e1s que en los eventos principales. Plagas, enfermedades, terremotos, olas que sobrepasan sus l\u00edmites, la luna convirti\u00e9ndose en sangre y el sol oscureci\u00e9ndose son todos ejemplos de espect\u00e1culos secundarios. Si tu comprensi\u00f3n se limita a listas de se\u00f1ales, los eventos principales te sorprender\u00e1n como un ladr\u00f3n en la noche, y te encontrar\u00e1s espiritualmente conmocionado y desprevenido. Los eventos principales del Gran y Terrible D\u00eda del Se\u00f1or giran en torno a la venida del anticristo, la restauraci\u00f3n de las Diez Tribus Perdidas y la venida de Jesucristo. \u00a1La visi\u00f3n que Juan vio es asombrosa! La visi\u00f3n de Juan pone las se\u00f1ales de los tiempos en contexto con los eventos principales. \u00a1Es la madre de todas las revelaciones!<\/p>\n<\/div>\n<\/div><\/div>\n<\/div>\n<\/div>\n<\/div>\n<\/div>\n<\/div>","protected":false},"excerpt":{"rendered":"<p>Un an\u00e1lisis detallado de la visi\u00f3n del amado ap\u00f3stol sobre los \u00faltimos d\u00edas y el inminente reinado milenario del Se\u00f1or Jesucristo sobre la Tierra.<\/p>\n<p>Cuando la mayor\u00eda de las personas piensan en los eventos que preceden a la Segunda Venida, piensan en los espect\u00e1culos secundarios m\u00e1s que en los eventos principales. Plagas, enfermedades, terremotos, olas que sobrepasan sus l\u00edmites, la luna convirti\u00e9ndose en sangre y el sol oscureci\u00e9ndose son todos ejemplos de espect\u00e1culos secundarios. Si tu comprensi\u00f3n se limita a listas de se\u00f1ales, los eventos principales te sorprender\u00e1n como un ladr\u00f3n en la noche, y te encontrar\u00e1s espiritualmente conmocionado y desprevenido. Los eventos principales del Gran y Terrible D\u00eda del Se\u00f1or giran en torno a la venida del anticristo, la restauraci\u00f3n de las Diez Tribus Perdidas y la venida de Jesucristo. \u00a1La visi\u00f3n que Juan vio es asombrosa! La visi\u00f3n de Juan pone las se\u00f1ales de los tiempos en contexto con los eventos principales. \u00a1Es la madre de todas las revelaciones!<\/p>","protected":false},"featured_media":15392,"comment_status":"open","ping_status":"closed","template":"","meta":[],"product_brand":[],"product_cat":[70],"product_tag":[59],"class_list":{"0":"post-15197","1":"product","2":"type-product","3":"status-publish","4":"has-post-thumbnail","6":"product_cat-michael-rush","7":"product_tag-biography","9":"first","10":"instock","11":"shipping-taxable","12":"purchasable","13":"product-type-simple"},"_links":{"self":[{"href":"https:\/\/www.las10tribusperdidas.com\/en\/wp-json\/wp\/v2\/product\/15197","targetHints":{"allow":["GET"]}}],"collection":[{"href":"https:\/\/www.las10tribusperdidas.com\/en\/wp-json\/wp\/v2\/product"}],"about":[{"href":"https:\/\/www.las10tribusperdidas.com\/en\/wp-json\/wp\/v2\/types\/product"}],"replies":[{"embeddable":true,"href":"https:\/\/www.las10tribusperdidas.com\/en\/wp-json\/wp\/v2\/comments?post=15197"}],"wp:featuredmedia":[{"embeddable":true,"href":"https:\/\/www.las10tribusperdidas.com\/en\/wp-json\/wp\/v2\/media\/15392"}],"wp:attachment":[{"href":"https:\/\/www.las10tribusperdidas.com\/en\/wp-json\/wp\/v2\/media?parent=15197"}],"wp:term":[{"taxonomy":"product_brand","embeddable":true,"href":"https:\/\/www.las10tribusperdidas.com\/en\/wp-json\/wp\/v2\/product_brand?post=15197"},{"taxonomy":"product_cat","embeddable":true,"href":"https:\/\/www.las10tribusperdidas.com\/en\/wp-json\/wp\/v2\/product_cat?post=15197"},{"taxonomy":"product_tag","embeddable":true,"href":"https:\/\/www.las10tribusperdidas.com\/en\/wp-json\/wp\/v2\/product_tag?post=15197"}],"curies":[{"name":"wp","href":"https:\/\/api.w.org\/{rel}","templated":true}]}}