{"id":15531,"date":"2023-12-14T22:18:57","date_gmt":"2023-12-14T22:18:57","guid":{"rendered":"https:\/\/www.las10tribusperdidas.com\/?page_id=15531"},"modified":"2023-12-29T19:35:39","modified_gmt":"2023-12-29T19:35:39","slug":"food-for-thought","status":"publish","type":"page","link":"https:\/\/www.las10tribusperdidas.com\/en\/food-for-thought\/","title":{"rendered":"Para reflexionar"},"content":{"rendered":"<div id=\"cmsmasters_row_25247si7hp\" class=\"cmsmasters_row cmsmasters_color_scheme_default cmsmasters_row_top_default cmsmasters_row_bot_default cmsmasters_row_boxed\">\n<div class=\"cmsmasters_row_outer_parent\">\n<div class=\"cmsmasters_row_outer\">\n<div class=\"cmsmasters_row_inner\">\n<div class=\"cmsmasters_row_margin\">\n<div id=\"cmsmasters_column_6m4n5i6x7l\" class=\"cmsmasters_column one_first\">\n<div class=\"cmsmasters_column_inner\"><div id=\"cmsmasters_heading_0rtfmho3ei\" class=\"cmsmasters_heading_wrap cmsmasters_heading_align_center\">\n\t<h2 class=\"cmsmasters_heading\">Articulos<\/h2>\n<\/div>\n<\/div><\/div>\n<\/div>\n<\/div>\n<\/div>\n<\/div>\n<\/div>\n<div id=\"cmsmasters_row_e4rlrpt22q\" class=\"cmsmasters_row cmsmasters_color_scheme_default cmsmasters_row_top_default cmsmasters_row_bot_default cmsmasters_row_boxed\">\n<div class=\"cmsmasters_row_outer_parent\">\n<div class=\"cmsmasters_row_outer\">\n<div class=\"cmsmasters_row_inner\">\n<div class=\"cmsmasters_row_margin\">\n<div id=\"cmsmasters_column_tl0ifi994d\" class=\"cmsmasters_column one_first\">\n<div class=\"cmsmasters_column_inner\"><div class=\"custom_html\">\n<div>\n<div class=\"master_articles\">\n            <a href=\"https:\/\/www.churchofjesuschrist.org\/study\/liahona\/2020\/04\/the-future-of-the-church-preparing-the-world-for-the-saviors-second-coming?lang=eng\"><br \/>\n                El Futuro de la Iglesia: Preparando al Mundo para la Segunda Venida del Salvador<br \/>\n                <img decoding=\"async\" src=\"https:\/\/www.churchofjesuschrist.org\/imgs\/0c525b153089b3ea4503c533e2ebae229118a926\/full\/640%2C\/0\/default\" alt=\"\"><br \/>\n            <\/a><br \/>\n            <a href=\"https:\/\/www.foxnews.com\/media\/tucker-facebook-censor-chinese-virologist\"><br \/>\n                Tucker Carlson critica a Facebook por censurar una entrevista con una vir\u00f3loga china<br \/>\n                <img decoding=\"async\" src=\"https:\/\/a57.foxnews.com\/cf-images.us-east-1.prod.boltdns.net\/v1\/static\/694940094001\/67ad6601-39cb-458d-8361-cfd687c98818\/4d01c8a9-370d-4b79-aea7-6727a6c82e31\/1280x720\/match\/896\/500\/image.jpg?ve=1&tl=1\" alt=\"\"><br \/>\n            <\/a><br \/>\n            <a href=\"https:\/\/www.foxnews.com\/politics\/byron-york-transition-integrity-group-2020-election\"><br \/>\n                Un grupo 'Anti-Trump' plantea un escenario en el que el ej\u00e9rcito decide la elecci\u00f3n al estilo 2016, seg\u00fan Byron York<br \/>\n                <img decoding=\"async\" src=\"https:\/\/a57.foxnews.com\/cf-images.us-east-1.prod.boltdns.net\/v1\/static\/694940094001\/3506c40e-6930-49f3-a336-4efa0e1fe018\/5239e33a-d9e5-4c55-b328-8fdc790be808\/1280x720\/match\/896\/500\/image.jpg?ve=1&tl=1\" alt=\"\"><br \/>\n            <\/a>\n        <\/div>\n<div class=\"master_articles\">\n            <a href=\"https:\/\/s3.documentcloud.org\/documents\/7013152\/Preventing-a-Disrupted-Presidential-Election-and.pdf\"><br \/>\n                Proyecto de Integridad de la Transici\u00f3n - documento completo<br \/>\n                <img decoding=\"async\" src=\"https:\/\/media.npr.org\/assets\/img\/2021\/01\/07\/gettyimages-1230461173_wide-46e5208d562913ec64a223afbac26312b7bf9e1e.jpg\" alt=\"\"><br \/>\n            <\/a><br \/>\n            <a href=\"https:\/\/www.documentcloud.org\/documents\/3922874-Political-Warfare.html#document\/p1\"><br \/>\n                Memo de Rich Higgins del Consejo de Seguridad Nacional - Estado Profundo<br \/>\n                <img decoding=\"async\" src=\"https:\/\/hips.hearstapps.com\/esq.h-cdn.co\/assets\/17\/32\/768x412\/gallery-1502461192-higgins.jpg?resize=640:*\" alt=\"\"><br \/>\n            <\/a><br \/>\n            <a href=\"https:\/\/es.scribd.com\/document\/464668591\/Archbishop-Vigano-Letter-to-Donald-Trump-2020-06-07#fullscreen&from_embed\"><br \/>\n                Carta del Arzobispo al Presidente Trump<br \/>\n                <img decoding=\"async\" src=\"https:\/\/www.americamagazine.org\/sites\/default\/files\/main_image\/20200511T1153-688-CNS-COVID-GERMANY-REJECT-CONSPIRACY.jpg\" alt=\"\"><br \/>\n            <\/a>\n        <\/div>\n<div class=\"master_articles\">\n            <a href=\"https:\/\/www.washingtonexaminer.com\/opinion\/the-real-reasons-the-us-government-is-so-secretive-about-ufos\"><br \/>\n                Art\u00edculo sobre el Pent\u00e1gono y el fen\u00f3meno a\u00e9reo no identificado<br \/>\n                <img decoding=\"async\" src=\"https:\/\/d3i6fh83elv35t.cloudfront.net\/static\/2021\/06\/ufo-e1625759719306-1024x630.jpg\" alt=\"\"><br \/>\n            <\/a><br \/>\n            <a href=\"https:\/\/www.vice.com\/en\/article\/y3z5wx\/marco-rubio-hopes-ufos-are-aliens-not-chinese-planes\"><br \/>\n                Marco Rubio sobre naves de otros mundos en nuestro espacio a\u00e9reo ultrasecreto<br \/>\n                <img decoding=\"async\" src=\"https:\/\/video-images.vice.com\/test-uploads\/articles\/5f15c38ac947200097fd9035\/lede\/1595261985226-Screen-Shot-2020-07-20-at-121919-PM.png?crop=0.9041xw:0.9987xh;0.0959xw,0.0013xh&resize=500:*\" alt=\"\"><br \/>\n            <\/a>\n        <\/div><\/div>\n<\/div>\n<\/div><\/div>\n<\/div>\n<\/div>\n<\/div>\n<\/div>\n<\/div>","protected":false},"excerpt":{"rendered":"","protected":false},"author":1,"featured_media":0,"parent":0,"menu_order":0,"comment_status":"closed","ping_status":"closed","template":"","meta":{"footnotes":""},"class_list":["post-15531","page","type-page","status-publish","hentry"],"_links":{"self":[{"href":"https:\/\/www.las10tribusperdidas.com\/en\/wp-json\/wp\/v2\/pages\/15531","targetHints":{"allow":["GET"]}}],"collection":[{"href":"https:\/\/www.las10tribusperdidas.com\/en\/wp-json\/wp\/v2\/pages"}],"about":[{"href":"https:\/\/www.las10tribusperdidas.com\/en\/wp-json\/wp\/v2\/types\/page"}],"author":[{"embeddable":true,"href":"https:\/\/www.las10tribusperdidas.com\/en\/wp-json\/wp\/v2\/users\/1"}],"replies":[{"embeddable":true,"href":"https:\/\/www.las10tribusperdidas.com\/en\/wp-json\/wp\/v2\/comments?post=15531"}],"version-history":[{"count":10,"href":"https:\/\/www.las10tribusperdidas.com\/en\/wp-json\/wp\/v2\/pages\/15531\/revisions"}],"predecessor-version":[{"id":15537,"href":"https:\/\/www.las10tribusperdidas.com\/en\/wp-json\/wp\/v2\/pages\/15531\/revisions\/15537"}],"wp:attachment":[{"href":"https:\/\/www.las10tribusperdidas.com\/en\/wp-json\/wp\/v2\/media?parent=15531"}],"curies":[{"name":"wp","href":"https:\/\/api.w.org\/{rel}","templated":true}]}}