{"id":15363,"date":"2023-11-24T05:29:34","date_gmt":"2023-11-24T05:29:34","guid":{"rendered":"https:\/\/www.las10tribusperdidas.com\/?page_id=15363"},"modified":"2023-12-31T10:03:31","modified_gmt":"2023-12-31T10:03:31","slug":"daniel-11","status":"publish","type":"page","link":"https:\/\/www.las10tribusperdidas.com\/en\/daniel-11\/","title":{"rendered":"DANIEL 11"},"content":{"rendered":"<div id=\"cmsmasters_row_iubcrvcvdl\" class=\"cmsmasters_row cmsmasters_color_scheme_default cmsmasters_row_top_default cmsmasters_row_bot_default cmsmasters_row_boxed\">\n<div class=\"cmsmasters_row_outer_parent\">\n<div class=\"cmsmasters_row_outer\">\n<div class=\"cmsmasters_row_inner\">\n<div class=\"cmsmasters_row_margin\">\n<div id=\"cmsmasters_column_om7qaj4tdn\" class=\"cmsmasters_column one_first\">\n<div class=\"cmsmasters_column_inner\"><div class=\"custom_html\">\n<div class=\"daniel_container\">\n<h2>Daniel 11<\/h2>\n<div class=\"buttons_daniel\">\n            <button id=\"btn-book1\">Daniel 11 -Tabla de contenidos<\/button><br \/>\n            <button id=\"btn-book2\">Chapter 3 - tira y afloja<\/button>\n        <\/div>\n<div class=\"bottom_book1\" id=\"text-book2\">\n<h2>Tabla de contenidos<\/h2>\n<pre class=\"table_content\">\nCap\u00edtulo 1 - Auge y declive de las naciones\n\nCap\u00edtulo 2 - Daniel\n                \nCap. 3 - El tira y afloja\n                \nCap\u00edtulo 4 - La Edad Moderna\n                \nCap. 5 - Trump y el \u00c1guila\n                \nCapitulo 6 - La hermandad de los diez cuernos\n                \nCapitulo 7 - El cuerno robusto se levanta en Am\u00e9rica\n                \nCapitulo 8 - Conquista Global\n                \nCapitulo 9 - Abominaci\u00f3n desoladora\n                \nCap. 10 - Las naves de Quitim\n                \nCap. 11 - El amargo final\n                \nCap. 12 - Las secuelas\n                \nCap. 13 - Un d\u00eda de advertencia\n            <\/pre><\/div>\n<div class=\"bottom_book2\" id=\"text2-book2\">\n<div class=\"content_text\">\n                Como se ha se\u00f1alado en el cap\u00edtulo anterior, este libro no pretende convencer al lector, sino servirle de herramienta o trampol\u00edn para su propio estudio.  Por ello, no me extender\u00e9 demasiado en los detalles de la historia antigua. En su lugar, proporcionar\u00e9 suficiente informaci\u00f3n para contextualizar.  Al igual que Daniel, me centrar\u00e9 principalmente en los acontecimientos prof\u00e9ticos de nuestros d\u00edas. Dado el r\u00e1pido ritmo de esta profec\u00eda, repasar\u00e9 los vers\u00edculos consecutivamente, tal como aparecen en el und\u00e9cimo cap\u00edtulo de Daniel, tal como est\u00e1 escrito en la Biblia del Rey Jaime.<\/p>\n<p class=\"subtitle_left\">La visi\u00f3n de Daniel comienza as\u00ed:<\/p>\n<p class=\"subtitle_left\">Tambi\u00e9n yo, en el primer a\u00f1o de Dar\u00edo el Medo, estuve para confirmarlo y fortalecerlo. Y ahora te mostrar\u00e9 la verdad. He aqu\u00ed que a\u00fan se levantar\u00e1n tres reyes en Persia, y el cuarto ser\u00e1 mucho m\u00e1s rico que todos ellos; y con su fuerza y sus riquezas levantar\u00e1 a todos contra el reino de Grecia. (Dan 11:1&2)<\/p>\n<p>            Daniel fue llevado cautivo cuando Babilonia destruy\u00f3 Jerusal\u00e9n. Babilonia fue entonces conquistada por Persia, y Daniel se encontr\u00f3 al servicio de un nuevo amo, el rey Dar\u00edo. Daniel vio en una visi\u00f3n una sucesi\u00f3n de cuatro reyes persas m\u00e1s, el cuarto de los cuales ser\u00eda m\u00e1s rico que todos los que le precedieron. Este rey se llamar\u00eda Jerjes.  Jerjes usar\u00eda su gran riqueza para incitar al reino de Persia contra Macedonia en lo que se conocer\u00eda como la Segunda Invasi\u00f3n Persa.  Persia finalmente no gan\u00f3 esta guerra, pero fue un conflicto importante que provoc\u00f3 una gran muerte y destrucci\u00f3n que dejar\u00eda una huella cultural duradera en las ciudades-estado macedonias.  Habr\u00eda otros reyes de Persia despu\u00e9s de Jerjes, pero en \u00faltima instancia Daniel previ\u00f3 que el reino de Persia llegar\u00eda a su fin, en gran parte como resultado del odio que Jerjes y su campa\u00f1a de guerra y derramamiento de sangre inculcaron a los griegos. A continuaci\u00f3n, Daniel vio c\u00f3mo se produjo el fin de Persia:<\/p>\n<p class=\"subtitle_left\">Y se levantar\u00e1 un rey poderoso, que gobernar\u00e1 con gran dominio, y har\u00e1 seg\u00fan su voluntad. (Dan 11:3)\n            <\/p>\n<p>            Este poderoso rey, que Daniel profetiz\u00f3 que se levantar\u00eda, era el joven hijo del rey Filipo. El rey Filipo perdi\u00f3 la vida luchando contra los persas. Su hijo se llamaba Alejandro, y ser\u00eda mundialmente conocido como Alejandro Magno. Alejandro hab\u00eda sido instruido por el famoso fil\u00f3sofo griego Arist\u00f3teles.  Alejandro era una especie de genio y se convirti\u00f3 en un formidable l\u00edder y estratega a una edad temprana.  Siendo adolescente, cuando su padre estaba en guerra contra los persas, atac\u00f3 y conquist\u00f3 a las tribus tracias.  Estas tribus eran feroces y muchos las consideraban imbatibles.<\/p>\n<p>            Cuando Alejandro ten\u00eda s\u00f3lo 20 a\u00f1os, su padre muri\u00f3, dej\u00e1ndole el reino. Inmediatamente, Alejandro se lanz\u00f3 a la guerra para vengar la muerte de su padre. A pesar de que los persas le superaban ampliamente en n\u00famero, y gracias a la estrategia y astucia sin rival de Alejandro, sus ej\u00e9rcitos diezmaron las fuerzas persas. El Imperio Persa no tard\u00f3 en caer en sus manos. Alejandro es el \u00fanico general de la historia que nunca ha perdido una sola batalla.  Debido a su incre\u00edble habilidad y estrategia, cuando s\u00f3lo ten\u00eda 30 a\u00f1os, hab\u00eda construido el reino m\u00e1s grande que el mundo hab\u00eda visto jam\u00e1s. La visi\u00f3n de Daniel contin\u00faa:<\/p>\n<p class=\"subtitle_left\">Y cuando se levante [Alejandro], su reino ser\u00e1 quebrantado, y ser\u00e1 repartido a los cuatro vientos del cielo; y no a su posteridad, ni conforme al se\u00f1or\u00edo con que gobern\u00f3; porque su reino ser\u00e1 arrancado, y para otros fuera de ellos. (Dan 11:4)<\/p>\n<p>            Daniel vio en su visi\u00f3n, que despu\u00e9s de que Alejandro hubiera amasado el imperio m\u00e1s grande del mundo, morir\u00eda mientras todav\u00eda era fuerte, es decir, mientras todav\u00eda estaba en la flor de la vida.  As\u00ed fue que a la edad de 32 a\u00f1os, muri\u00f3. Algunos historiadores dicen que muri\u00f3 de enfermedad, otros de envenenamiento.  Independientemente de la causa de su muerte, su reino no pas\u00f3 a sus hijos. En cambio, a su muerte, el reino fue subdividido entre sus cuatro generales.  Lis\u00edmaco recibi\u00f3 Tracia y la mayor parte de Asia Menor. Casandro recibi\u00f3 Macedonia y Grecia.  Ptolomeo I recibi\u00f3 Egipto y Palestina, y Seleucos recibi\u00f3 Mesopotamia, el resto de Levante, Persia y parte de la India.<\/p>\n<p class=\"subtitle_left\">La visi\u00f3n de Daniel contin\u00faa:<\/p>\n<p class=\"subtitle_left\">Y el Rey del Sur ser\u00e1 fuerte, y uno de sus pr\u00edncipes; y ser\u00e1 fuerte sobre \u00e9l, y tendr\u00e1 dominio; su dominio ser\u00e1 un gran dominio. Y al fin de los a\u00f1os se unir\u00e1n; porque la hija del rey del sur vendr\u00e1 al rey del norte para hacer un acuerdo; pero ella no retendr\u00e1 el poder del brazo, ni \u00e9l se mantendr\u00e1 en pie, ni su brazo; sino que ser\u00e1 entregada ella y los que la trajeron, y el que la engendr\u00f3, y el que la fortaleci\u00f3 en estos tiempos. (Dan 11:5-6)<\/p>\n<p>            El Rey del Sur, se refiere al m\u00e1s meridional de estos cuatro reinos, que fue gobernado por Ptolomeo I, y estaba centrado en Egipto. Ptolomeo gobern\u00f3 su reino bajo el patr\u00f3n de los antiguos faraones, con toda la pompa y circunstancia correspondientes. Sin embargo, Daniel vio que llegar\u00eda el momento en que los reinos fracturados de Alejandro se reunir\u00edan de nuevo, en lo que se convertir\u00eda en el Imperio Romano.<\/p>\n<p>            Incre\u00edblemente Daniel vio que esta fusi\u00f3n se centrar\u00eda alrededor de las acciones de una joven mujer descendiente de Ptolomeo I. Esta joven mujer no era otra que la famosa reina egipcia - Cleopatra.  El Rey del Norte era un joven y fuerte l\u00edder llamado Julio C\u00e9sar.  C\u00e9sar hab\u00eda ascendido al poder de la rep\u00fablica romana y hab\u00eda empezado a cambiar la estructura de poder de Roma.  Se convirti\u00f3 en dictador y, bajo su liderazgo, Roma comenz\u00f3 a expandirse.<\/p>\n<p>            Mientras tanto, en Egipto hab\u00eda agitaci\u00f3n y rivalidad entre hermanos.  Cleopatra se vio obligada a huir de Egipto a Siria, ya que uno de sus hermanos pretend\u00eda hacerse con el reino.  Necesitaba un aliado poderoso si quer\u00eda conservar su reino.  Cleopatra busc\u00f3 una audiencia con el poderoso rey del norte, Julio C\u00e9sar.  C\u00e9sar qued\u00f3 inmediatamente prendado de la belleza de Cleopatra y se enamor\u00f3 de ella. Julio C\u00e9sar derrot\u00f3 al hermano de Cleopatra y le devolvi\u00f3 el reino. Permaneci\u00f3 en Egipto con ella durante un tiempo y tuvieron un hijo en com\u00fan, Cesari\u00f3n, o Peque\u00f1o C\u00e9sar.  C\u00e9sar no pudo disfrutar de su tiempo con Cleopatra durante mucho tiempo. Se estaban gestando problemas en Roma, que requer\u00edan su presencia.  Esos problemas acabar\u00edan cobr\u00e1ndose su vida, ya que fue asesinado por sus compa\u00f1eros a su regreso a Roma.<\/p>\n<p>            Tras perder a un poderoso aliado en C\u00e9sar, el reinado de Cleopatra volv\u00eda a estar en peligro.  Mientras tanto, el poder del Imperio Romano reca\u00eda en dos hombres, Marco Antonio y Octavio.  En una jugada para asegurar su reino, Cleopatra busc\u00f3 una audiencia con Marco Antonio.  Al igual que C\u00e9sar antes que \u00e9l, Marco Antonio se enamor\u00f3 de la legendaria belleza de Cleopatra y jur\u00f3 apoyar su reino.  Abandon\u00f3 a su mujer y a sus hijos y se traslad\u00f3 a Egipto para estar con Cleopatra.  Tambi\u00e9n tuvo hijos con Cleopatra.<\/p>\n<p>            Por celos y temor a que Marco Antonio planease trasladar la capital romana a Egipto, Octavio y el Senado romano despojaron a Marco Antonio de sus t\u00edtulos y lo declararon enemigo del Estado.  R\u00e1pidamente se desat\u00f3 una guerra contra \u00e9l.  Perdi\u00f3 la guerra y, tras recibir la falsa noticia de que Cleopatra hab\u00eda muerto, se quit\u00f3 la vida.  La noticia de la muerte de Marco Antonio rompi\u00f3 el coraz\u00f3n de Cleopatra, que se uni\u00f3 a su muerte suicid\u00e1ndose.  As\u00ed, todos sus planes fueron en vano, perdi\u00f3 tanto su amor como su reino, tal y como hab\u00eda previsto Daniel. As\u00ed, los cuatro reinos fracturados que Alejandro hab\u00eda construido volvieron a reunirse, esta vez bajo el estandarte de Roma.<\/p>\n<p class=\"subtitle_left\">La visi\u00f3n contin\u00faa:<\/p>\n<p class=\"subtitle_left\">Pero de una rama de sus ra\u00edces [de Cleopatra] se levantar\u00e1 uno en su se\u00f1or\u00edo [el Rey del Norte - Roma], que vendr\u00e1 con un ej\u00e9rcito, y entrar\u00e1 en la fortaleza del Rey del Norte, y tratar\u00e1 contra ellos, y prevalecer\u00e1: Y tambi\u00e9n llevar\u00e1 cautivos a Egipto a sus dioses, con sus pr\u00edncipes, y con sus vasos preciosos de plata y de oro; y durar\u00e1 m\u00e1s a\u00f1os que el Rey del Norte. (Dan 11:7-8)<\/p>\n<p>            Egipto sigui\u00f3 formando parte del Imperio Romano hasta el a\u00f1o 270 d.C., cuando, para gran conmoci\u00f3n del Imperio Romano, una mujer y su hijo volver\u00edan a arrebat\u00e1rselo. Esta mujer era la S\u00e9ptima Zenobia. Zenobia era una ciudadana romana que afirmaba ser descendiente de Cleopatra. Desde hac\u00eda alg\u00fan tiempo exist\u00edan crecientes diferencias entre la mitad oriental del Imperio Romano y su mitad occidental.  Occidente se consideraba corrupto y fracasado.  Zenobia aprovech\u00f3 estos sentimientos y, a trav\u00e9s de su hijo Vaballathus, levant\u00f3 un ej\u00e9rcito y comenz\u00f3 a atacar Roma. Conquistaron la mayor parte de la parte oriental del Imperio Romano, incluido Egipto, y lo gobernaron bajo lo que se conoci\u00f3 como el Imperio Palmireno. Hasta el d\u00eda de hoy es una hero\u00edna c\u00e9lebre en la regi\u00f3n. Daniel contin\u00faa:<\/p>\n<p class=\"subtitle_left\"> Entonces el Rey del Sur [Vaballathus] volver\u00e1 a su reino, y regresar\u00e1 a su tierra. Pero sus hijos [el Rey del Norte] se agitar\u00e1n y reunir\u00e1n una multitud de grandes fuerzas; y ciertamente vendr\u00e1 uno, y desbordar\u00e1, y pasar\u00e1; entonces volver\u00e1, y se agitar\u00e1, hasta su fortaleza. (Daniel 11:9-10)<\/p>\n<p>            Roma no se tom\u00f3 a la ligera el desaf\u00edo a su autoridad. Una derrota romana por cualquier motivo era humillante, pero perder la mitad oriental de su reino a manos de una mujer era inconcebible.  En parte, debido a la naturaleza milagrosa de su conquista, Zenobia se hizo muy popular entre la poblaci\u00f3n de su reci\u00e9n creado imperio.  Gobern\u00f3 su imperio desde Egipto, como Cleopatra hab\u00eda hecho antes que ella.  Rein\u00f3 durante tres cortos a\u00f1os, pero fueron suficientes para tener un impacto duradero en los pueblos de Oriente.  Aunque los soldados romanos lograron retomar sus tierras, Zenobia se hab\u00eda ganado el coraz\u00f3n y la mente de la gente.<\/p>\n<p>            La popularidad de Zenobia result\u00f3 ser mucho m\u00e1s perjudicial para el Imperio Romano que la propia guerra.  La conquista de Zenobia hab\u00eda dado a los romanos de oriente una nueva identidad. Zenobia les hab\u00eda dado independencia de la corrupci\u00f3n de Occidente, aunque por poco tiempo, y quer\u00edan recuperarla. Poco despu\u00e9s de la derrota de Zenobia, Roma se dividir\u00eda definitivamente en dos reinos: el Reino de Oriente y el Reino de Occidente.  El Reino de Occidente continu\u00f3 bajo el nombre de Roma y se convirti\u00f3 en la sede de la Iglesia Cat\u00f3lica Romana, pero no durar\u00eda m\u00e1s de 150 a\u00f1os antes de caer en el olvido.  La parte oriental del reino se conoci\u00f3 como el Imperio Bizantino, que se convirti\u00f3 en la sede de la Iglesia Ortodoxa Griega y durar\u00eda hasta los albores de la nueva era. Al final, como predijo Daniel, el Imperio Bizantino, nacido de Zenobia, durar\u00eda mil a\u00f1os m\u00e1s que Roma.<\/p>\n<p>            En esta fase de la visi\u00f3n de Daniel, el Rey del Norte y el Rey del Sur empiezan a representar algo m\u00e1s que imperios. Llegan a representar diferencias ideol\u00f3gicas y filos\u00f3ficas.  El Rey del Norte representa no s\u00f3lo al Imperio Bizantino, sino a toda la civilizaci\u00f3n occidental. El Rey del Sur representa ahora una nueva potencia emergente en el mundo.  Este poder ech\u00f3 ra\u00edces en el Sur alrededor del a\u00f1o 600 d.C. y r\u00e1pidamente comenz\u00f3 a expandirse como un reguero de p\u00f3lvora.  Hablo del ascenso del Islam, y del califato isl\u00e1mico.  La visi\u00f3n de Daniel contin\u00faa:<\/p>\n<p class=\"subtitle_left\">Y el Rey del Sur se enfurecer\u00e1, y saldr\u00e1 y pelear\u00e1 contra \u00e9l, contra el Rey del Norte; y \u00e9l [el Rey del Norte] pondr\u00e1 en campa\u00f1a una gran multitud, pero la multitud ser\u00e1 entregada en su mano [la mano del Rey del Sur]. Y cuando haya arrebatado la multitud, el coraz\u00f3n [del Rey del Sur] se enaltecer\u00e1, y derribar\u00e1 a muchos diez mil; pero no se fortalecer\u00e1 por ello. (Daniel 11:11-12)<\/p>\n<p>            Las fuerzas isl\u00e1micas comenzaron r\u00e1pidamente a expandirse y a conquistar las zonas meridionales del Imperio Bizantino, que inclu\u00edan Egipto y Palestina. Antes del final, tomar\u00edan la capital del Imperio Bizantino, y comenzar\u00edan a empujar hacia Europa. Pero el Imperio Bizantino no se ir\u00eda en silencio en la noche. Durante siglos, estas dos fuerzas luchar\u00edan en un \u00e9pico tira y afloja por los territorios de la regi\u00f3n. Cuando su necesidad se hizo acuciante, el Imperio Bizantino pidi\u00f3 ayuda a todas las naciones cristianas de Europa para que le ayudaran en el tira y afloja contra el Sur. La llamada fue respondida en forma de Cruzadas.<\/p>\n<p>            Europa envi\u00f3 a decenas de miles de sus padres e hijos a combatir la amenaza isl\u00e1mica del Sur.  Sin embargo, por muchos hombres que enviaran, sus victorias siempre fueron temporales.  A pesar de las victorias del Sur, tampoco se vieron nunca fortalecidos por ellas, al menos no de la forma en que las victorias de Roma y Alejandro hab\u00edan fortalecido sus reinos.  El Sur continu\u00f3 en la pobreza, expandi\u00e9ndose por la fuerza y no por la cultura.  As\u00ed fue hasta poco antes de los albores de la era moderna, cuando el Imperio Bizantino cay\u00f3 finalmente ante los ej\u00e9rcitos invasores isl\u00e1micos del Imperio Otomano, en 1453.<\/p>\n<p>            En su apogeo, el Imperio Otomano Isl\u00e1mico abarcaba las siguientes tierras: Turqu\u00eda, Grecia, Bulgaria, Egipto, Hungr\u00eda, Macedonia, Ruman\u00eda, Jordania, Palestina, L\u00edbano, Siria, porciones de Arabia y grandes franjas de la costa norteafricana. La capital del Imperio Bizantino, Constantinopla, llamada as\u00ed en honor del famoso emperador romano cristiano, pas\u00f3 a llamarse Estambul.  As\u00ed, la ciudad de Constantino, se convirti\u00f3 en la ciudad del Islam, la nueva capital del Imperio Isl\u00e1mico.<\/p>\n<p>            Sin embargo, en lugar de debilitar al Norte, la ca\u00edda de los \u00faltimos vestigios de la antigua Roma contribuy\u00f3 a impulsar el renacimiento italiano en el resto de Europa.  Los europeos despertaron con un profundo sentimiento de lo que hab\u00edan perdido. Esta p\u00e9rdida foment\u00f3 un renovado inter\u00e9s por los logros del Imperio Romano.  Su arquitectura, arte y ciencias se convirtieron en la g\u00e9nesis del gran despertar que revitaliz\u00f3 Europa y la sac\u00f3 de la Edad Media.<\/p>\n<p>            Como consecuencia directa del Renacimiento, la innovaci\u00f3n floreci\u00f3 en Europa. Los alemanes desarrollaron la imprenta, que permiti\u00f3 difundir el conocimiento y las ideas como nunca antes. Las ciudades-estado italianas hicieron avanzar las artes y las ciencias. Por primera vez, la Biblia comenz\u00f3 a publicarse en la lengua del hombre com\u00fan. Los reformadores religiosos de toda Europa empezaron a cuestionar el dominio totalitario y las doctrinas extrab\u00edblicas de las iglesias cat\u00f3lica y ortodoxa griega.<\/p>\n<p>            El furor del entusiasmo norte\u00f1o pronto estall\u00f3 en un frenes\u00ed de oportunidades cuando se redescubri\u00f3 Am\u00e9rica. La riqueza y las oportunidades florecieron en el Norte como nunca antes.  De hecho, aunque el rey del Sur hab\u00eda vencido, su victoria estaba vac\u00eda. El Norte hab\u00eda avanzado hacia cosas m\u00e1s grandes y mejores. Ya no estaban atados a las circunstancias de sus padres.  Pod\u00edan prosperar y enriquecerse con su propia industria y comercio. Hab\u00eda nacido una nueva era ilustrada de descubrimientos y desarrollo.  Aunque el Norte hab\u00eda perdido, hab\u00eda visto el futuro; el viejo mundo hab\u00eda ca\u00eddo en el olvido y ahora todo giraba en torno al nuevo.\n            <\/p><\/div><\/div><\/div>\n<\/div>\n<div class=\"custom_js\">\n<script type=\"text\/javascript\">\ndocument.addEventListener('DOMContentLoaded', function() {\n    \/\/ Obt\u00e9n los botones y los divs de texto\n    var btn1 = document.getElementById('btn-book1');\n    var btn2 = document.getElementById('btn-book2');\n    \/\/ var btn3 = document.getElementById('btn-book3');\n    var text1 = document.getElementById('text-book2');\n    var text2 = document.getElementById('text2-book2');\n    \/\/ var text3 = document.getElementById('text3-book1');\n\n    \/\/ Funci\u00f3n para ocultar todos los textos y mostrar el seleccionado\n    function showOnlyOne(selected) {\n        \/\/ Primero, oculta todos\n        text1.style.display = 'none';\n        text2.style.display = 'none';\n        \/\/ text3.style.display = 'none';\n\n        \/\/ Luego muestra el seleccionado\n        selected.style.display = 'block';\n    }\n\n    \/\/ Inicializa la p\u00e1gina mostrando solo texto1\n    showOnlyOne(text1);\n\n    \/\/ Eventos de clic para cada bot\u00f3n\n    btn1.addEventListener('click', function() {\n        showOnlyOne(text1);\n    });\n\n    btn2.addEventListener('click', function() {\n        showOnlyOne(text2);\n    });\n\n    \/\/ btn3.addEventListener('click', function() {\n    \/\/     showOnlyOne(text3);\n    \/\/ });\n});\n<\/script>\n<\/div>\n<\/div><\/div>\n<\/div>\n<\/div>\n<\/div>\n<\/div>\n<\/div>","protected":false},"excerpt":{"rendered":"","protected":false},"author":1,"featured_media":0,"parent":0,"menu_order":0,"comment_status":"closed","ping_status":"closed","template":"","meta":{"footnotes":""},"class_list":["post-15363","page","type-page","status-publish","hentry"],"_links":{"self":[{"href":"https:\/\/www.las10tribusperdidas.com\/en\/wp-json\/wp\/v2\/pages\/15363","targetHints":{"allow":["GET"]}}],"collection":[{"href":"https:\/\/www.las10tribusperdidas.com\/en\/wp-json\/wp\/v2\/pages"}],"about":[{"href":"https:\/\/www.las10tribusperdidas.com\/en\/wp-json\/wp\/v2\/types\/page"}],"author":[{"embeddable":true,"href":"https:\/\/www.las10tribusperdidas.com\/en\/wp-json\/wp\/v2\/users\/1"}],"replies":[{"embeddable":true,"href":"https:\/\/www.las10tribusperdidas.com\/en\/wp-json\/wp\/v2\/comments?post=15363"}],"version-history":[{"count":6,"href":"https:\/\/www.las10tribusperdidas.com\/en\/wp-json\/wp\/v2\/pages\/15363\/revisions"}],"predecessor-version":[{"id":15689,"href":"https:\/\/www.las10tribusperdidas.com\/en\/wp-json\/wp\/v2\/pages\/15363\/revisions\/15689"}],"wp:attachment":[{"href":"https:\/\/www.las10tribusperdidas.com\/en\/wp-json\/wp\/v2\/media?parent=15363"}],"curies":[{"name":"wp","href":"https:\/\/api.w.org\/{rel}","templated":true}]}}